{"id":16277,"date":"2026-02-19T09:32:02","date_gmt":"2026-02-19T08:32:02","guid":{"rendered":"https:\/\/www.ertex-solar.at\/?page_id=16277"},"modified":"2026-02-19T10:03:57","modified_gmt":"2026-02-19T09:03:57","slug":"ethique-des-affaires","status":"publish","type":"page","link":"https:\/\/www.ertex-solar.at\/fr\/a-propos\/ethique-des-affaires\/","title":{"rendered":"\u00c9thique des affaires"},"content":{"rendered":"<p><div class=\"fusion-fullwidth fullwidth-box fusion-builder-row-1 nonhundred-percent-fullwidth non-hundred-percent-height-scrolling\" style=\"--awb-border-radius-top-left:0px;--awb-border-radius-top-right:0px;--awb-border-radius-bottom-right:0px;--awb-border-radius-bottom-left:0px;--awb-flex-wrap:wrap;\" ><div class=\"fusion-builder-row fusion-row\"><div class=\"fusion-layout-column fusion_builder_column fusion-builder-column-0 fusion_builder_column_1_1 1_1 fusion-one-full fusion-column-first fusion-column-last\" style=\"--awb-padding-right:0%;--awb-padding-left:0%;--awb-bg-size:cover;\"><div class=\"fusion-column-wrapper fusion-column-has-shadow fusion-flex-column-wrapper-legacy\"><div class=\"fusion-text fusion-text-1\"><h2><span data-teams=\"true\">Partout dans le monde, nous sommes anim\u00e9s par la m\u00eame volont\u00e9 de nous comporter de fa\u00e7on exemplaire vis-\u00e0-vis de toutes nos parties prenantes.<\/span><\/h2>\n<\/div><div class=\"fusion-sep-clear\"><\/div><div class=\"fusion-separator fusion-full-width-sep\" style=\"margin-left: auto;margin-right: auto;margin-top:20px;width:100%;\"><\/div><div class=\"fusion-sep-clear\"><\/div><div class=\"fusion-clearfix\"><\/div><\/div><\/div><\/div><\/div><div class=\"fusion-fullwidth fullwidth-box fusion-builder-row-2 nonhundred-percent-fullwidth non-hundred-percent-height-scrolling\" style=\"--awb-border-radius-top-left:0px;--awb-border-radius-top-right:0px;--awb-border-radius-bottom-right:0px;--awb-border-radius-bottom-left:0px;--awb-flex-wrap:wrap;\" ><div class=\"fusion-builder-row fusion-row\"><div class=\"fusion-layout-column fusion_builder_column fusion-builder-column-1 fusion_builder_column_1_1 1_1 fusion-one-full fusion-column-first fusion-column-last\" style=\"--awb-bg-size:cover;\"><div class=\"fusion-column-wrapper fusion-column-has-shadow fusion-flex-column-wrapper-legacy\"><div class=\"fusion-text fusion-text-2\"><p><span data-teams=\"true\">Que ce soit en mati\u00e8re d\u2019\u00e9thique des affaires ou de droits humains, nous exigeons de chacune et chacun, parmi nos \u00e9quipes, d\u2019agir dans le respect des r\u00e9glementations applicables, renforc\u00e9es par les engagements figurant dans la <a href=\"https:\/\/www.vinci.com\/en\/actions-and-missions\/our-actions\/respecting-ethical-principles\/guidelines\" target=\"_blank\" rel=\"noopener\">Charte \u00e9thique et comportements, le Code de conduite anticorruption et le Manifeste \u00e9dit\u00e9s<\/a> par notre Groupe.<\/span><\/p>\n<\/div><div class=\"fusion-sep-clear\"><\/div><div class=\"fusion-separator fusion-full-width-sep\" style=\"margin-left: auto;margin-right: auto;margin-top:30px;width:100%;\"><\/div><div class=\"fusion-sep-clear\"><\/div><div class=\"fusion-text fusion-text-3\"><p><span data-teams=\"true\">Le succ\u00e8s, le d\u00e9veloppement ainsi que la p\u00e9rennit\u00e9 individuelle et collective de nos entreprises passent par le strict respect des bonnes pratiques et des engagements, qui s\u2019imposent \u00e0 tous sans exception.<\/span><\/p>\n<\/div><div class=\"fusion-clearfix\"><\/div><\/div><\/div><\/div><\/div><div class=\"fusion-fullwidth fullwidth-box fusion-builder-row-3 nonhundred-percent-fullwidth non-hundred-percent-height-scrolling\" style=\"--awb-border-radius-top-left:0px;--awb-border-radius-top-right:0px;--awb-border-radius-bottom-right:0px;--awb-border-radius-bottom-left:0px;--awb-flex-wrap:wrap;\" ><div class=\"fusion-builder-row fusion-row\"><div class=\"fusion-layout-column fusion_builder_column fusion-builder-column-2 fusion_builder_column_1_1 1_1 fusion-one-full fusion-column-first fusion-column-last\" style=\"--awb-bg-size:cover;\"><div class=\"fusion-column-wrapper fusion-column-has-shadow fusion-flex-column-wrapper-legacy\"><div class=\"fusion-sep-clear\"><\/div><div class=\"fusion-separator fusion-full-width-sep\" style=\"margin-left: auto;margin-right: auto;margin-top:20px;width:100%;\"><\/div><div class=\"fusion-sep-clear\"><\/div><div class=\"fusion-aligncenter\"><a class=\"fusion-button button-flat fusion-button-default-size button-default fusion-button-default button-1 fusion-button-default-span fusion-button-default-type\" target=\"_blank\" rel=\"noopener noreferrer\" data-hover=\"text_slide_up\" href=\"https:\/\/www.vinci.com\/en\/actions-and-missions\/our-actions\/respecting-ethical-principles\/whistleblowing-procedure\"><i class=\"fa-bullhorn fas awb-button__icon awb-button__icon--default button-icon-left\" aria-hidden=\"true\"><\/i><div class=\"awb-button-text-transition \"><span class=\"fusion-button-text awb-button__text awb-button__text--default\">PROC\u00c9DURE DE SIGNALEMENT<\/span><span class=\"fusion-button-text awb-button__text awb-button__text--default\">PROC\u00c9DURE DE SIGNALEMENT<\/span><\/div><\/a><\/div><div class=\"fusion-sep-clear\"><\/div><div class=\"fusion-separator fusion-full-width-sep\" style=\"margin-left: auto;margin-right: auto;margin-top:20px;width:100%;\"><\/div><div class=\"fusion-sep-clear\"><\/div><div class=\"fusion-sep-clear\"><\/div><div class=\"fusion-separator fusion-full-width-sep\" style=\"margin-left: auto;margin-right: auto;margin-top:20px;width:100%;\"><\/div><div class=\"fusion-sep-clear\"><\/div><div class=\"fusion-clearfix\"><\/div><\/div><\/div><\/div><\/div><div class=\"fusion-fullwidth fullwidth-box fusion-builder-row-4 fusion-flex-container has-pattern-background has-mask-background nonhundred-percent-fullwidth non-hundred-percent-height-scrolling\" style=\"--awb-border-radius-top-left:0px;--awb-border-radius-top-right:0px;--awb-border-radius-bottom-right:0px;--awb-border-radius-bottom-left:0px;--awb-flex-wrap:wrap;\" ><div class=\"fusion-builder-row fusion-row fusion-flex-align-items-flex-start fusion-flex-content-wrap\" style=\"max-width:1216.8px;margin-left: calc(-4% \/ 2 );margin-right: calc(-4% \/ 2 );\"><div class=\"fusion-layout-column fusion_builder_column fusion-builder-column-3 fusion_builder_column_1_1 1_1 fusion-flex-column\" style=\"--awb-bg-size:cover;--awb-width-large:100%;--awb-margin-top-large:0px;--awb-spacing-right-large:1.92%;--awb-margin-bottom-large:0px;--awb-spacing-left-large:1.92%;--awb-width-medium:100%;--awb-order-medium:0;--awb-spacing-right-medium:1.92%;--awb-spacing-left-medium:1.92%;--awb-width-small:100%;--awb-order-small:0;--awb-spacing-right-small:1.92%;--awb-spacing-left-small:1.92%;\"><div class=\"fusion-column-wrapper fusion-column-has-shadow fusion-flex-justify-content-flex-start fusion-content-layout-column\"><div class=\"fusion-image-element \" style=\"--awb-caption-title-font-family:var(--h2_typography-font-family);--awb-caption-title-font-weight:var(--h2_typography-font-weight);--awb-caption-title-font-style:var(--h2_typography-font-style);--awb-caption-title-size:var(--h2_typography-font-size);--awb-caption-title-transform:var(--h2_typography-text-transform);--awb-caption-title-line-height:var(--h2_typography-line-height);--awb-caption-title-letter-spacing:var(--h2_typography-letter-spacing);\"><span class=\" fusion-imageframe imageframe-none imageframe-1 hover-type-none\"><img decoding=\"async\" width=\"1200\" height=\"800\" title=\"join-us_Menard-1200&#215;800\" src=\"https:\/\/www.ertex-solar.at\/wp-content\/uploads\/sites\/4\/2026\/02\/join-us_Menard-1200x800-1.jpg\" data-orig-src=\"https:\/\/www.ertex-solar.at\/wp-content\/uploads\/sites\/4\/2026\/02\/join-us_Menard-1200x800-1.jpg\" alt class=\"lazyload img-responsive wp-image-16284\" srcset=\"data:image\/svg+xml,%3Csvg%20xmlns%3D%27http%3A%2F%2Fwww.w3.org%2F2000%2Fsvg%27%20width%3D%271200%27%20height%3D%27800%27%20viewBox%3D%270%200%201200%20800%27%3E%3Crect%20width%3D%271200%27%20height%3D%27800%27%20fill-opacity%3D%220%22%2F%3E%3C%2Fsvg%3E\" data-srcset=\"https:\/\/www.ertex-solar.at\/wp-content\/uploads\/sites\/4\/2026\/02\/join-us_Menard-1200x800-1-200x133.jpg 200w, https:\/\/www.ertex-solar.at\/wp-content\/uploads\/sites\/4\/2026\/02\/join-us_Menard-1200x800-1-400x267.jpg 400w, https:\/\/www.ertex-solar.at\/wp-content\/uploads\/sites\/4\/2026\/02\/join-us_Menard-1200x800-1-600x400.jpg 600w, https:\/\/www.ertex-solar.at\/wp-content\/uploads\/sites\/4\/2026\/02\/join-us_Menard-1200x800-1-800x533.jpg 800w, https:\/\/www.ertex-solar.at\/wp-content\/uploads\/sites\/4\/2026\/02\/join-us_Menard-1200x800-1.jpg 1200w\" data-sizes=\"auto\" data-orig-sizes=\"(max-width: 1024px) 100vw, (max-width: 640px) 100vw, 1200px\" \/><\/span><\/div><\/div><\/div><\/div><\/div><\/p>\n","protected":false},"excerpt":{"rendered":"","protected":false},"author":1492,"featured_media":0,"parent":1214,"menu_order":0,"comment_status":"closed","ping_status":"closed","template":"","meta":{"_acf_changed":false,"inline_featured_image":false,"footnotes":""},"class_list":["post-16277","page","type-page","status-publish","hentry"],"acf":[],"yoast_head":"<!-- This site is optimized with the Yoast SEO plugin v27.2 - https:\/\/yoast.com\/product\/yoast-seo-wordpress\/ -->\n<title>\u00c9thique des affaires<\/title>\n<meta name=\"robots\" content=\"index, follow, max-snippet:-1, max-image-preview:large, max-video-preview:-1\" \/>\n<link rel=\"canonical\" href=\"https:\/\/www.ertex-solar.at\/fr\/a-propos\/ethique-des-affaires\/\" \/>\n<meta property=\"og:locale\" content=\"fr_FR\" \/>\n<meta property=\"og:type\" content=\"article\" \/>\n<meta property=\"og:title\" content=\"\u00c9thique des affaires\" \/>\n<meta property=\"og:url\" content=\"https:\/\/www.ertex-solar.at\/fr\/a-propos\/ethique-des-affaires\/\" \/>\n<meta property=\"og:site_name\" content=\"Ertexsolar\" \/>\n<meta property=\"article:publisher\" content=\"https:\/\/www.facebook.com\/ertex.solartechnik\" \/>\n<meta property=\"article:modified_time\" content=\"2026-02-19T09:03:57+00:00\" \/>\n<meta property=\"og:image\" content=\"https:\/\/www.ertex-solar.at\/wp-content\/uploads\/sites\/4\/2019\/03\/Schuerch-Egli_Vorschaubild.jpg\" \/>\n\t<meta property=\"og:image:width\" content=\"340\" \/>\n\t<meta property=\"og:image:height\" content=\"340\" \/>\n\t<meta property=\"og:image:type\" content=\"image\/jpeg\" \/>\n<meta name=\"twitter:card\" content=\"summary_large_image\" \/>\n<meta name=\"twitter:site\" content=\"@ertexsolar_bipv\" \/>\n<script type=\"application\/ld+json\" class=\"yoast-schema-graph\">{\"@context\":\"https:\/\/schema.org\",\"@graph\":[{\"@type\":\"WebPage\",\"@id\":\"https:\/\/www.ertex-solar.at\/fr\/a-propos\/ethique-des-affaires\/\",\"url\":\"https:\/\/www.ertex-solar.at\/fr\/a-propos\/ethique-des-affaires\/\",\"name\":\"\u00c9thique des affaires\",\"isPartOf\":{\"@id\":\"https:\/\/www.ertex-solar.at\/fr\/#website\"},\"datePublished\":\"2026-02-19T08:32:02+00:00\",\"dateModified\":\"2026-02-19T09:03:57+00:00\",\"breadcrumb\":{\"@id\":\"https:\/\/www.ertex-solar.at\/fr\/a-propos\/ethique-des-affaires\/#breadcrumb\"},\"inLanguage\":\"fr-FR\",\"potentialAction\":[{\"@type\":\"ReadAction\",\"target\":[\"https:\/\/www.ertex-solar.at\/fr\/a-propos\/ethique-des-affaires\/\"]}]},{\"@type\":\"BreadcrumbList\",\"@id\":\"https:\/\/www.ertex-solar.at\/fr\/a-propos\/ethique-des-affaires\/#breadcrumb\",\"itemListElement\":[{\"@type\":\"ListItem\",\"position\":1,\"name\":\"Accueil\",\"item\":\"https:\/\/www.ertex-solar.at\/fr\/\"},{\"@type\":\"ListItem\",\"position\":2,\"name\":\"\u00c0 propos\",\"item\":\"https:\/\/www.ertex-solar.at\/fr\/a-propos\/\"},{\"@type\":\"ListItem\",\"position\":3,\"name\":\"\u00c9thique des affaires\"}]},{\"@type\":\"WebSite\",\"@id\":\"https:\/\/www.ertex-solar.at\/fr\/#website\",\"url\":\"https:\/\/www.ertex-solar.at\/fr\/\",\"name\":\"Ertexsolar\",\"description\":\"Enveloppe active du batiment, BIPV et vitrage dynamique\",\"publisher\":{\"@id\":\"https:\/\/www.ertex-solar.at\/fr\/#organization\"},\"potentialAction\":[{\"@type\":\"SearchAction\",\"target\":{\"@type\":\"EntryPoint\",\"urlTemplate\":\"https:\/\/www.ertex-solar.at\/fr\/?s={search_term_string}\"},\"query-input\":{\"@type\":\"PropertyValueSpecification\",\"valueRequired\":true,\"valueName\":\"search_term_string\"}}],\"inLanguage\":\"fr-FR\"},{\"@type\":\"Organization\",\"@id\":\"https:\/\/www.ertex-solar.at\/fr\/#organization\",\"name\":\"ERTEX SOLAR\",\"url\":\"https:\/\/www.ertex-solar.at\/fr\/\",\"logo\":{\"@type\":\"ImageObject\",\"inLanguage\":\"fr-FR\",\"@id\":\"https:\/\/www.ertex-solar.at\/fr\/#\/schema\/logo\/image\/\",\"url\":\"https:\/\/www.ertex-solar.at\/wp-content\/uploads\/sites\/4\/2022\/03\/ertex-solar-logo-only-1024x333.png\",\"contentUrl\":\"https:\/\/www.ertex-solar.at\/wp-content\/uploads\/sites\/4\/2022\/03\/ertex-solar-logo-only-1024x333.png\",\"width\":1024,\"height\":333,\"caption\":\"ERTEX SOLAR\"},\"image\":{\"@id\":\"https:\/\/www.ertex-solar.at\/fr\/#\/schema\/logo\/image\/\"},\"sameAs\":[\"https:\/\/www.facebook.com\/ertex.solartechnik\",\"https:\/\/x.com\/ertexsolar_bipv\",\"https:\/\/www.linkedin.com\/company\/ertex-solar\",\"https:\/\/www.instagram.com\/ertex_solar\/\",\"https:\/\/www.youtube.com\/c\/ertex-solar\/videos\"]}]}<\/script>\n<!-- \/ Yoast SEO plugin. -->","yoast_head_json":{"title":"\u00c9thique des affaires","robots":{"index":"index","follow":"follow","max-snippet":"max-snippet:-1","max-image-preview":"max-image-preview:large","max-video-preview":"max-video-preview:-1"},"canonical":"https:\/\/www.ertex-solar.at\/fr\/a-propos\/ethique-des-affaires\/","og_locale":"fr_FR","og_type":"article","og_title":"\u00c9thique des affaires","og_url":"https:\/\/www.ertex-solar.at\/fr\/a-propos\/ethique-des-affaires\/","og_site_name":"Ertexsolar","article_publisher":"https:\/\/www.facebook.com\/ertex.solartechnik","article_modified_time":"2026-02-19T09:03:57+00:00","og_image":[{"width":340,"height":340,"url":"https:\/\/www.ertex-solar.at\/wp-content\/uploads\/sites\/4\/2019\/03\/Schuerch-Egli_Vorschaubild.jpg","type":"image\/jpeg"}],"twitter_card":"summary_large_image","twitter_site":"@ertexsolar_bipv","schema":{"@context":"https:\/\/schema.org","@graph":[{"@type":"WebPage","@id":"https:\/\/www.ertex-solar.at\/fr\/a-propos\/ethique-des-affaires\/","url":"https:\/\/www.ertex-solar.at\/fr\/a-propos\/ethique-des-affaires\/","name":"\u00c9thique des affaires","isPartOf":{"@id":"https:\/\/www.ertex-solar.at\/fr\/#website"},"datePublished":"2026-02-19T08:32:02+00:00","dateModified":"2026-02-19T09:03:57+00:00","breadcrumb":{"@id":"https:\/\/www.ertex-solar.at\/fr\/a-propos\/ethique-des-affaires\/#breadcrumb"},"inLanguage":"fr-FR","potentialAction":[{"@type":"ReadAction","target":["https:\/\/www.ertex-solar.at\/fr\/a-propos\/ethique-des-affaires\/"]}]},{"@type":"BreadcrumbList","@id":"https:\/\/www.ertex-solar.at\/fr\/a-propos\/ethique-des-affaires\/#breadcrumb","itemListElement":[{"@type":"ListItem","position":1,"name":"Accueil","item":"https:\/\/www.ertex-solar.at\/fr\/"},{"@type":"ListItem","position":2,"name":"\u00c0 propos","item":"https:\/\/www.ertex-solar.at\/fr\/a-propos\/"},{"@type":"ListItem","position":3,"name":"\u00c9thique des affaires"}]},{"@type":"WebSite","@id":"https:\/\/www.ertex-solar.at\/fr\/#website","url":"https:\/\/www.ertex-solar.at\/fr\/","name":"Ertexsolar","description":"Enveloppe active du batiment, BIPV et vitrage dynamique","publisher":{"@id":"https:\/\/www.ertex-solar.at\/fr\/#organization"},"potentialAction":[{"@type":"SearchAction","target":{"@type":"EntryPoint","urlTemplate":"https:\/\/www.ertex-solar.at\/fr\/?s={search_term_string}"},"query-input":{"@type":"PropertyValueSpecification","valueRequired":true,"valueName":"search_term_string"}}],"inLanguage":"fr-FR"},{"@type":"Organization","@id":"https:\/\/www.ertex-solar.at\/fr\/#organization","name":"ERTEX SOLAR","url":"https:\/\/www.ertex-solar.at\/fr\/","logo":{"@type":"ImageObject","inLanguage":"fr-FR","@id":"https:\/\/www.ertex-solar.at\/fr\/#\/schema\/logo\/image\/","url":"https:\/\/www.ertex-solar.at\/wp-content\/uploads\/sites\/4\/2022\/03\/ertex-solar-logo-only-1024x333.png","contentUrl":"https:\/\/www.ertex-solar.at\/wp-content\/uploads\/sites\/4\/2022\/03\/ertex-solar-logo-only-1024x333.png","width":1024,"height":333,"caption":"ERTEX SOLAR"},"image":{"@id":"https:\/\/www.ertex-solar.at\/fr\/#\/schema\/logo\/image\/"},"sameAs":["https:\/\/www.facebook.com\/ertex.solartechnik","https:\/\/x.com\/ertexsolar_bipv","https:\/\/www.linkedin.com\/company\/ertex-solar","https:\/\/www.instagram.com\/ertex_solar\/","https:\/\/www.youtube.com\/c\/ertex-solar\/videos"]}]}},"_links":{"self":[{"href":"https:\/\/www.ertex-solar.at\/fr\/wp-json\/wp\/v2\/pages\/16277","targetHints":{"allow":["GET"]}}],"collection":[{"href":"https:\/\/www.ertex-solar.at\/fr\/wp-json\/wp\/v2\/pages"}],"about":[{"href":"https:\/\/www.ertex-solar.at\/fr\/wp-json\/wp\/v2\/types\/page"}],"author":[{"embeddable":true,"href":"https:\/\/www.ertex-solar.at\/fr\/wp-json\/wp\/v2\/users\/1492"}],"replies":[{"embeddable":true,"href":"https:\/\/www.ertex-solar.at\/fr\/wp-json\/wp\/v2\/comments?post=16277"}],"version-history":[{"count":7,"href":"https:\/\/www.ertex-solar.at\/fr\/wp-json\/wp\/v2\/pages\/16277\/revisions"}],"predecessor-version":[{"id":16292,"href":"https:\/\/www.ertex-solar.at\/fr\/wp-json\/wp\/v2\/pages\/16277\/revisions\/16292"}],"up":[{"embeddable":true,"href":"https:\/\/www.ertex-solar.at\/fr\/wp-json\/wp\/v2\/pages\/1214"}],"wp:attachment":[{"href":"https:\/\/www.ertex-solar.at\/fr\/wp-json\/wp\/v2\/media?parent=16277"}],"curies":[{"name":"wp","href":"https:\/\/api.w.org\/{rel}","templated":true}]}}