{"id":4743,"date":"2021-01-07T16:55:38","date_gmt":"2021-01-07T15:55:38","guid":{"rendered":"https:\/\/www.soletanchefreyssinet.com\/activskeenwebsite\/?page_id=4743"},"modified":"2025-10-20T08:04:34","modified_gmt":"2025-10-20T06:04:34","slug":"telechargements","status":"publish","type":"page","link":"https:\/\/www.ertex-solar.at\/fr\/ressources\/telechargements\/","title":{"rendered":"T\u00e9l\u00e9chargements"},"content":{"rendered":"<p><div class=\"fusion-fullwidth fullwidth-box fusion-builder-row-1 nonhundred-percent-fullwidth non-hundred-percent-height-scrolling\" style=\"--awb-border-radius-top-left:0px;--awb-border-radius-top-right:0px;--awb-border-radius-bottom-right:0px;--awb-border-radius-bottom-left:0px;--awb-flex-wrap:wrap;\" ><div class=\"fusion-builder-row fusion-row\"><div class=\"fusion-layout-column fusion_builder_column fusion-builder-column-0 fusion_builder_column_1_1 1_1 fusion-one-full fusion-column-first fusion-column-last\" style=\"--awb-padding-right:0%;--awb-padding-left:0%;--awb-bg-size:cover;\"><div class=\"fusion-column-wrapper fusion-column-has-shadow fusion-flex-column-wrapper-legacy\"><div class=\"fusion-text fusion-text-1\" style=\"--awb-text-transform:none;\"><p><strong>Vous pouvez t\u00e9l\u00e9charger sur cette page les diff\u00e9rents documents l\u00e9gaux li\u00e9s \u00e0 notre offre et les diff\u00e9rents certificats de conformit\u00e9 de nos solutions.<\/strong><\/p>\n<p><strong>Si vous souhaitez un document sp\u00e9cifique, vous pouvez nous soumettre une demande \u00e0 <span style=\"color: #ff0000\">info@ertex-solar.at<\/span><\/strong><\/p>\n<\/div><div class=\"fusion-sep-clear\"><\/div><div class=\"fusion-separator fusion-full-width-sep\" style=\"margin-left: auto;margin-right: auto;margin-top:20px;width:100%;\"><\/div><div class=\"fusion-sep-clear\"><\/div><div class=\"fusion-text fusion-text-2\" style=\"--awb-text-transform:none;\"><ul>\n<li><a href=\"https:\/\/www.ertex-solar.at\/wp-content\/uploads\/sites\/4\/2022\/03\/AGB-B2B-GULTIG_FR.pdf\" target=\"_blank\" rel=\"noopener noreferrer\">Nos conditions g\u00e9n\u00e9rales d&rsquo;intervention<\/a><\/li>\n<li><a href=\"https:\/\/www.ertex-solar.at\/wp-content\/uploads\/sites\/4\/2022\/03\/Certification-Booklet-Ertex-Solar.pdf\" target=\"_blank\" rel=\"noopener noreferrer\">La compilation des normes qui s\u2019appliquent \u00e0 nos solutions et les certificats obtenus associ\u00e9s <\/a><\/li>\n<\/ul>\n<\/div><div class=\"fusion-sep-clear\"><\/div><div class=\"fusion-separator fusion-full-width-sep\" style=\"margin-left: auto;margin-right: auto;margin-top:20px;width:100%;\"><\/div><div class=\"fusion-sep-clear\"><\/div><div class=\"fusion-clearfix\"><\/div><\/div><\/div><\/div><\/div><div class=\"fusion-fullwidth fullwidth-box fusion-builder-row-2 fusion-flex-container nonhundred-percent-fullwidth non-hundred-percent-height-scrolling\" style=\"--awb-border-radius-top-left:0px;--awb-border-radius-top-right:0px;--awb-border-radius-bottom-right:0px;--awb-border-radius-bottom-left:0px;--awb-flex-wrap:wrap;\" ><div class=\"fusion-builder-row fusion-row fusion-flex-align-items-flex-start fusion-flex-content-wrap\" style=\"max-width:1216.8px;margin-left: calc(-4% \/ 2 );margin-right: calc(-4% \/ 2 );\"><div class=\"fusion-layout-column fusion_builder_column fusion-builder-column-1 fusion_builder_column_1_1 1_1 fusion-flex-column\" style=\"--awb-bg-size:cover;--awb-width-large:100%;--awb-margin-top-large:0px;--awb-spacing-right-large:1.92%;--awb-margin-bottom-large:0px;--awb-spacing-left-large:1.92%;--awb-width-medium:100%;--awb-order-medium:0;--awb-spacing-right-medium:1.92%;--awb-spacing-left-medium:1.92%;--awb-width-small:100%;--awb-order-small:0;--awb-spacing-right-small:1.92%;--awb-spacing-left-small:1.92%;\"><div class=\"fusion-column-wrapper fusion-column-has-shadow fusion-flex-justify-content-flex-start fusion-content-layout-column\"><ul style=\"--awb-size:20px;--awb-iconcolor:rgba(0,0,0,0.48);--awb-line-height:34px;--awb-icon-width:34px;--awb-icon-height:34px;--awb-icon-margin:14px;--awb-content-margin:48px;\" class=\"fusion-checklist fusion-checklist-1 fusion-checklist-default type-icons\"><li class=\"fusion-li-item\" style=\"\"><span class=\"icon-wrapper circle-no\"><i class=\"fusion-li-icon fa-file-download fas\" aria-hidden=\"true\"><\/i><\/span><div class=\"fusion-li-item-content\">\n<p><a href=\"https:\/\/www.ertex-solar.at\/wp-content\/uploads\/sites\/4\/2022\/03\/AGB-B2B-GUELTIG_FR_03_2015.pdf\">Conditions g\u00e9n\u00e9rales de vente pour les clients professionnels<\/a><\/p>\n<\/div><\/li><li class=\"fusion-li-item\" style=\"\"><span class=\"icon-wrapper circle-no\"><i class=\"fusion-li-icon fa-file-download fas\" aria-hidden=\"true\"><\/i><\/span><div class=\"fusion-li-item-content\">\n<p><a href=\"https:\/\/www.ertex-solar.at\/wp-content\/uploads\/sites\/4\/2022\/03\/IP54_DE_EN.pdf\">IP54 DE EN<\/a><\/p>\n<\/div><\/li><li class=\"fusion-li-item\" style=\"\"><span class=\"icon-wrapper circle-no\"><i class=\"fusion-li-icon fa-file-download fas\" aria-hidden=\"true\"><\/i><\/span><div class=\"fusion-li-item-content\">\n<p><a href=\"https:\/\/www.ertex-solar.at\/wp-content\/uploads\/sites\/4\/2025\/10\/Produktspezifikation-der-ertex-solar-EN-09-2023.pdf\" target=\"_blank\" rel=\"noopener\">Sp\u00e9cifications produit ertex solar DE 2023<\/a><\/p>\n<\/div><\/li><li class=\"fusion-li-item\" style=\"\"><span class=\"icon-wrapper circle-no\"><i class=\"fusion-li-icon fa-file-download fas\" aria-hidden=\"true\"><\/i><\/span><div class=\"fusion-li-item-content\">\n<p><a href=\"https:\/\/www.ertex-solar.at\/wp-content\/uploads\/sites\/4\/2022\/03\/test-report_14449_1.pdf\">Test-report 14449<\/a><\/p>\n<\/div><\/li><li class=\"fusion-li-item\" style=\"\"><span class=\"icon-wrapper circle-no\"><i class=\"fusion-li-icon fa-file-download fas\" aria-hidden=\"true\"><\/i><\/span><div class=\"fusion-li-item-content\">\n<p><a href=\"https:\/\/www.ertex-solar.at\/wp-content\/uploads\/sites\/4\/2022\/03\/Ertex_Solar_Product_Certificate_Kiwa61215_61730_2017.pdf\">Ertex Solar Product Certificate Kiwa61215 61730 2017<\/a><\/p>\n<\/div><\/li><li class=\"fusion-li-item\" style=\"\"><span class=\"icon-wrapper circle-no\"><i class=\"fusion-li-icon fa-file-download fas\" aria-hidden=\"true\"><\/i><\/span><div class=\"fusion-li-item-content\">\n<p><a href=\"https:\/\/www.ertex-solar.at\/wp-content\/uploads\/sites\/4\/2022\/03\/Qualitaetspolitik_ertex_solar_EN.pdf\">Quality policy<\/a><\/p>\n<\/div><\/li><li class=\"fusion-li-item\" style=\"\"><span class=\"icon-wrapper circle-no\"><i class=\"fusion-li-icon fa-file-download fas\" aria-hidden=\"true\"><\/i><\/span><div class=\"fusion-li-item-content\">\n<p><a href=\"https:\/\/www.ertex-solar.at\/wp-content\/uploads\/sites\/4\/2022\/03\/installation_manual_EN_04_20.pdf\" target=\"_blank\" rel=\"noopener\">Installation manual VSG EN 04 20<\/a><\/p>\n<\/div><\/li><li class=\"fusion-li-item\" style=\"\"><span class=\"icon-wrapper circle-no\"><i class=\"fusion-li-icon fa-file-download fas\" aria-hidden=\"true\"><\/i><\/span><div class=\"fusion-li-item-content\">\n<p><a href=\"https:\/\/www.ertex-solar.at\/wp-content\/uploads\/sites\/4\/2024\/07\/ertex_solar_r_eng_qm_um_23.pdf\">Zertifikat-A4 ISO 9001 14001 ertex<\/a><\/p>\n<\/div><\/li><\/ul><\/div><\/div><\/div><\/div><\/p>\n","protected":false},"excerpt":{"rendered":"","protected":false},"author":1,"featured_media":0,"parent":12,"menu_order":0,"comment_status":"closed","ping_status":"closed","template":"","meta":{"_acf_changed":false,"inline_featured_image":false,"footnotes":""},"class_list":["post-4743","page","type-page","status-publish","hentry"],"acf":[],"yoast_head":"<!-- This site is optimized with the Yoast SEO plugin v27.2 - https:\/\/yoast.com\/product\/yoast-seo-wordpress\/ -->\n<title>T\u00e9l\u00e9chargez nos documents l\u00e9gaux et certificats<\/title>\n<meta name=\"description\" content=\"Vous pouvez t\u00e9l\u00e9charger sur cette page les diff\u00e9rents documents l\u00e9gaux li\u00e9s \u00e0 notre offre et les certificats de nos solutions photovolta\u00efques\" \/>\n<meta name=\"robots\" content=\"index, follow, max-snippet:-1, max-image-preview:large, max-video-preview:-1\" \/>\n<link rel=\"canonical\" href=\"https:\/\/www.ertex-solar.at\/fr\/ressources\/telechargements\/\" \/>\n<meta property=\"og:locale\" content=\"fr_FR\" \/>\n<meta property=\"og:type\" content=\"article\" \/>\n<meta property=\"og:title\" content=\"T\u00e9l\u00e9chargez nos documents l\u00e9gaux et certificats\" \/>\n<meta property=\"og:description\" content=\"Vous pouvez t\u00e9l\u00e9charger sur cette page les diff\u00e9rents documents l\u00e9gaux li\u00e9s \u00e0 notre offre et les certificats de nos solutions photovolta\u00efques\" \/>\n<meta property=\"og:url\" content=\"https:\/\/www.ertex-solar.at\/fr\/ressources\/telechargements\/\" \/>\n<meta property=\"og:site_name\" content=\"Ertexsolar\" \/>\n<meta property=\"article:publisher\" content=\"https:\/\/www.facebook.com\/ertex.solartechnik\" \/>\n<meta property=\"article:modified_time\" content=\"2025-10-20T06:04:34+00:00\" \/>\n<meta property=\"og:image\" content=\"https:\/\/www.ertex-solar.at\/wp-content\/uploads\/sites\/4\/2019\/03\/Schuerch-Egli_Vorschaubild.jpg\" \/>\n\t<meta property=\"og:image:width\" content=\"340\" \/>\n\t<meta property=\"og:image:height\" content=\"340\" \/>\n\t<meta property=\"og:image:type\" content=\"image\/jpeg\" \/>\n<meta name=\"twitter:card\" content=\"summary_large_image\" \/>\n<meta name=\"twitter:site\" content=\"@ertexsolar_bipv\" \/>\n<script type=\"application\/ld+json\" class=\"yoast-schema-graph\">{\"@context\":\"https:\/\/schema.org\",\"@graph\":[{\"@type\":\"WebPage\",\"@id\":\"https:\/\/www.ertex-solar.at\/fr\/ressources\/telechargements\/\",\"url\":\"https:\/\/www.ertex-solar.at\/fr\/ressources\/telechargements\/\",\"name\":\"T\u00e9l\u00e9chargez nos documents l\u00e9gaux et certificats\",\"isPartOf\":{\"@id\":\"https:\/\/www.ertex-solar.at\/fr\/#website\"},\"datePublished\":\"2021-01-07T15:55:38+00:00\",\"dateModified\":\"2025-10-20T06:04:34+00:00\",\"description\":\"Vous pouvez t\u00e9l\u00e9charger sur cette page les diff\u00e9rents documents l\u00e9gaux li\u00e9s \u00e0 notre offre et les certificats de nos solutions photovolta\u00efques\",\"breadcrumb\":{\"@id\":\"https:\/\/www.ertex-solar.at\/fr\/ressources\/telechargements\/#breadcrumb\"},\"inLanguage\":\"fr-FR\",\"potentialAction\":[{\"@type\":\"ReadAction\",\"target\":[\"https:\/\/www.ertex-solar.at\/fr\/ressources\/telechargements\/\"]}]},{\"@type\":\"BreadcrumbList\",\"@id\":\"https:\/\/www.ertex-solar.at\/fr\/ressources\/telechargements\/#breadcrumb\",\"itemListElement\":[{\"@type\":\"ListItem\",\"position\":1,\"name\":\"Accueil\",\"item\":\"https:\/\/www.ertex-solar.at\/fr\/\"},{\"@type\":\"ListItem\",\"position\":2,\"name\":\"Ressources\",\"item\":\"https:\/\/www.ertex-solar.at\/fr\/ressources\/\"},{\"@type\":\"ListItem\",\"position\":3,\"name\":\"T\u00e9l\u00e9chargements\"}]},{\"@type\":\"WebSite\",\"@id\":\"https:\/\/www.ertex-solar.at\/fr\/#website\",\"url\":\"https:\/\/www.ertex-solar.at\/fr\/\",\"name\":\"Ertexsolar\",\"description\":\"Enveloppe active du batiment, BIPV et vitrage dynamique\",\"publisher\":{\"@id\":\"https:\/\/www.ertex-solar.at\/fr\/#organization\"},\"potentialAction\":[{\"@type\":\"SearchAction\",\"target\":{\"@type\":\"EntryPoint\",\"urlTemplate\":\"https:\/\/www.ertex-solar.at\/fr\/?s={search_term_string}\"},\"query-input\":{\"@type\":\"PropertyValueSpecification\",\"valueRequired\":true,\"valueName\":\"search_term_string\"}}],\"inLanguage\":\"fr-FR\"},{\"@type\":\"Organization\",\"@id\":\"https:\/\/www.ertex-solar.at\/fr\/#organization\",\"name\":\"ERTEX SOLAR\",\"url\":\"https:\/\/www.ertex-solar.at\/fr\/\",\"logo\":{\"@type\":\"ImageObject\",\"inLanguage\":\"fr-FR\",\"@id\":\"https:\/\/www.ertex-solar.at\/fr\/#\/schema\/logo\/image\/\",\"url\":\"https:\/\/www.ertex-solar.at\/wp-content\/uploads\/sites\/4\/2022\/03\/ertex-solar-logo-only-1024x333.png\",\"contentUrl\":\"https:\/\/www.ertex-solar.at\/wp-content\/uploads\/sites\/4\/2022\/03\/ertex-solar-logo-only-1024x333.png\",\"width\":1024,\"height\":333,\"caption\":\"ERTEX SOLAR\"},\"image\":{\"@id\":\"https:\/\/www.ertex-solar.at\/fr\/#\/schema\/logo\/image\/\"},\"sameAs\":[\"https:\/\/www.facebook.com\/ertex.solartechnik\",\"https:\/\/x.com\/ertexsolar_bipv\",\"https:\/\/www.linkedin.com\/company\/ertex-solar\",\"https:\/\/www.instagram.com\/ertex_solar\/\",\"https:\/\/www.youtube.com\/c\/ertex-solar\/videos\"]}]}<\/script>\n<!-- \/ Yoast SEO plugin. -->","yoast_head_json":{"title":"T\u00e9l\u00e9chargez nos documents l\u00e9gaux et certificats","description":"Vous pouvez t\u00e9l\u00e9charger sur cette page les diff\u00e9rents documents l\u00e9gaux li\u00e9s \u00e0 notre offre et les certificats de nos solutions photovolta\u00efques","robots":{"index":"index","follow":"follow","max-snippet":"max-snippet:-1","max-image-preview":"max-image-preview:large","max-video-preview":"max-video-preview:-1"},"canonical":"https:\/\/www.ertex-solar.at\/fr\/ressources\/telechargements\/","og_locale":"fr_FR","og_type":"article","og_title":"T\u00e9l\u00e9chargez nos documents l\u00e9gaux et certificats","og_description":"Vous pouvez t\u00e9l\u00e9charger sur cette page les diff\u00e9rents documents l\u00e9gaux li\u00e9s \u00e0 notre offre et les certificats de nos solutions photovolta\u00efques","og_url":"https:\/\/www.ertex-solar.at\/fr\/ressources\/telechargements\/","og_site_name":"Ertexsolar","article_publisher":"https:\/\/www.facebook.com\/ertex.solartechnik","article_modified_time":"2025-10-20T06:04:34+00:00","og_image":[{"width":340,"height":340,"url":"https:\/\/www.ertex-solar.at\/wp-content\/uploads\/sites\/4\/2019\/03\/Schuerch-Egli_Vorschaubild.jpg","type":"image\/jpeg"}],"twitter_card":"summary_large_image","twitter_site":"@ertexsolar_bipv","schema":{"@context":"https:\/\/schema.org","@graph":[{"@type":"WebPage","@id":"https:\/\/www.ertex-solar.at\/fr\/ressources\/telechargements\/","url":"https:\/\/www.ertex-solar.at\/fr\/ressources\/telechargements\/","name":"T\u00e9l\u00e9chargez nos documents l\u00e9gaux et certificats","isPartOf":{"@id":"https:\/\/www.ertex-solar.at\/fr\/#website"},"datePublished":"2021-01-07T15:55:38+00:00","dateModified":"2025-10-20T06:04:34+00:00","description":"Vous pouvez t\u00e9l\u00e9charger sur cette page les diff\u00e9rents documents l\u00e9gaux li\u00e9s \u00e0 notre offre et les certificats de nos solutions photovolta\u00efques","breadcrumb":{"@id":"https:\/\/www.ertex-solar.at\/fr\/ressources\/telechargements\/#breadcrumb"},"inLanguage":"fr-FR","potentialAction":[{"@type":"ReadAction","target":["https:\/\/www.ertex-solar.at\/fr\/ressources\/telechargements\/"]}]},{"@type":"BreadcrumbList","@id":"https:\/\/www.ertex-solar.at\/fr\/ressources\/telechargements\/#breadcrumb","itemListElement":[{"@type":"ListItem","position":1,"name":"Accueil","item":"https:\/\/www.ertex-solar.at\/fr\/"},{"@type":"ListItem","position":2,"name":"Ressources","item":"https:\/\/www.ertex-solar.at\/fr\/ressources\/"},{"@type":"ListItem","position":3,"name":"T\u00e9l\u00e9chargements"}]},{"@type":"WebSite","@id":"https:\/\/www.ertex-solar.at\/fr\/#website","url":"https:\/\/www.ertex-solar.at\/fr\/","name":"Ertexsolar","description":"Enveloppe active du batiment, BIPV et vitrage dynamique","publisher":{"@id":"https:\/\/www.ertex-solar.at\/fr\/#organization"},"potentialAction":[{"@type":"SearchAction","target":{"@type":"EntryPoint","urlTemplate":"https:\/\/www.ertex-solar.at\/fr\/?s={search_term_string}"},"query-input":{"@type":"PropertyValueSpecification","valueRequired":true,"valueName":"search_term_string"}}],"inLanguage":"fr-FR"},{"@type":"Organization","@id":"https:\/\/www.ertex-solar.at\/fr\/#organization","name":"ERTEX SOLAR","url":"https:\/\/www.ertex-solar.at\/fr\/","logo":{"@type":"ImageObject","inLanguage":"fr-FR","@id":"https:\/\/www.ertex-solar.at\/fr\/#\/schema\/logo\/image\/","url":"https:\/\/www.ertex-solar.at\/wp-content\/uploads\/sites\/4\/2022\/03\/ertex-solar-logo-only-1024x333.png","contentUrl":"https:\/\/www.ertex-solar.at\/wp-content\/uploads\/sites\/4\/2022\/03\/ertex-solar-logo-only-1024x333.png","width":1024,"height":333,"caption":"ERTEX SOLAR"},"image":{"@id":"https:\/\/www.ertex-solar.at\/fr\/#\/schema\/logo\/image\/"},"sameAs":["https:\/\/www.facebook.com\/ertex.solartechnik","https:\/\/x.com\/ertexsolar_bipv","https:\/\/www.linkedin.com\/company\/ertex-solar","https:\/\/www.instagram.com\/ertex_solar\/","https:\/\/www.youtube.com\/c\/ertex-solar\/videos"]}]}},"_links":{"self":[{"href":"https:\/\/www.ertex-solar.at\/fr\/wp-json\/wp\/v2\/pages\/4743","targetHints":{"allow":["GET"]}}],"collection":[{"href":"https:\/\/www.ertex-solar.at\/fr\/wp-json\/wp\/v2\/pages"}],"about":[{"href":"https:\/\/www.ertex-solar.at\/fr\/wp-json\/wp\/v2\/types\/page"}],"author":[{"embeddable":true,"href":"https:\/\/www.ertex-solar.at\/fr\/wp-json\/wp\/v2\/users\/1"}],"replies":[{"embeddable":true,"href":"https:\/\/www.ertex-solar.at\/fr\/wp-json\/wp\/v2\/comments?post=4743"}],"version-history":[{"count":4,"href":"https:\/\/www.ertex-solar.at\/fr\/wp-json\/wp\/v2\/pages\/4743\/revisions"}],"predecessor-version":[{"id":15995,"href":"https:\/\/www.ertex-solar.at\/fr\/wp-json\/wp\/v2\/pages\/4743\/revisions\/15995"}],"up":[{"embeddable":true,"href":"https:\/\/www.ertex-solar.at\/fr\/wp-json\/wp\/v2\/pages\/12"}],"wp:attachment":[{"href":"https:\/\/www.ertex-solar.at\/fr\/wp-json\/wp\/v2\/media?parent=4743"}],"curies":[{"name":"wp","href":"https:\/\/api.w.org\/{rel}","templated":true}]}}